{"id":56,"date":"2024-04-24T10:42:02","date_gmt":"2024-04-24T13:42:02","guid":{"rendered":"https:\/\/alumemarketing.com.br\/conexaocriativa\/?page_id=56"},"modified":"2024-04-24T10:47:26","modified_gmt":"2024-04-24T13:47:26","slug":"politica-de-privacidade","status":"publish","type":"page","link":"https:\/\/alumemarketing.com.br\/conexaocriativa\/politica-de-privacidade\/","title":{"rendered":"Pol\u00edtica de Privacidade"},"content":{"rendered":"\t\t<div data-elementor-type=\"wp-page\" data-elementor-id=\"56\" class=\"elementor elementor-56\" data-elementor-post-type=\"page\">\n\t\t\t\t<div class=\"elementor-element elementor-element-3600df71 e-flex e-con-boxed e-con e-parent\" data-id=\"3600df71\" data-element_type=\"container\" data-settings=\"{&quot;background_background&quot;:&quot;classic&quot;}\">\n\t\t\t\t\t<div class=\"e-con-inner\">\n\t\t\t\t<div class=\"elementor-element elementor-element-45e89b2c elementor-widget elementor-widget-text-editor\" data-id=\"45e89b2c\" data-element_type=\"widget\" data-widget_type=\"text-editor.default\">\n\t\t\t\t<div class=\"elementor-widget-container\">\n\t\t\t<style>\/*! elementor - v3.21.0 - 24-04-2024 *\/\n.elementor-widget-text-editor.elementor-drop-cap-view-stacked .elementor-drop-cap{background-color:#69727d;color:#fff}.elementor-widget-text-editor.elementor-drop-cap-view-framed .elementor-drop-cap{color:#69727d;border:3px solid;background-color:transparent}.elementor-widget-text-editor:not(.elementor-drop-cap-view-default) .elementor-drop-cap{margin-top:8px}.elementor-widget-text-editor:not(.elementor-drop-cap-view-default) .elementor-drop-cap-letter{width:1em;height:1em}.elementor-widget-text-editor .elementor-drop-cap{float:left;text-align:center;line-height:1;font-size:50px}.elementor-widget-text-editor .elementor-drop-cap-letter{display:inline-block}<\/style>\t\t\t\t<p><!-- wp:heading --><!-- \/wp:heading --><!-- wp:paragraph --><\/p>\n<p>Esta Pol\u00edtica de Cookies foi atualizada pela \u00faltima vez em 31 de maio de 2023 e se aplica a cidad\u00e3os e residentes legais permanentes do Brasil.<\/p><p><br><\/p>\n<p><\/p>\n<p><!-- \/wp:paragraph --><!-- wp:heading --><\/p>\n<h2>1. Introdu\u00e7\u00e3o<\/h2>\n<p><!-- \/wp:heading --><!-- wp:paragraph --><\/p>\n<p>Nosso site, https:\/\/alumemarketing.com.br\/conexaocriativa\/ usa cookies e outras tecnologias relacionadas (por conveni\u00eancia todas as tecnologias s\u00e3o referidas como &#8220;cookies&#8221;). Os cookies tamb\u00e9m s\u00e3o inseridos por terceiros que contratamos. No documento abaixo informamos sobre o uso de cookies em nosso site.<\/p><p><br><\/p>\n<p><\/p>\n<p><!-- \/wp:paragraph --><!-- wp:heading --><\/p>\n<h2>2. O que s\u00e3o cookies?<\/h2>\n<p><!-- \/wp:heading --><!-- wp:paragraph --><\/p>\n<p>Um cookie \u00e9 um arquivo pequeno e simples que \u00e9 enviado junto com p\u00e1ginas deste site e armazenado pelo seu navegador no disco r\u00edgido do seu computador ou outro dispositivo. As informa\u00e7\u00f5es armazenadas podem ser enviadas de volta aos nossos servidores ou aos servidores dos terceiros relevantes durante uma visita subsequente.<\/p><p><br><\/p>\n<p><\/p>\n<p><!-- \/wp:paragraph --><!-- wp:heading --><\/p>\n<h2>3. O que s\u00e3o scripts?<\/h2>\n<p><!-- \/wp:heading --><!-- wp:paragraph --><\/p>\n<p>Um script \u00e9 uma parte de c\u00f3digo de programa usado para fazer nosso site funcionar de forma adequada e interativa. Este c\u00f3digo \u00e9 executado em nosso servidor ou em seu dispositivo.<\/p><p><br><\/p>\n<p><\/p>\n<p><!-- \/wp:paragraph --><!-- wp:heading --><\/p>\n<h2>4. O que \u00e9 um web beacon?<\/h2>\n<p><!-- \/wp:heading --><!-- wp:paragraph --><\/p>\n<p>Um web beacon (ou uma tag pixel) \u00e9 um pequena e invis\u00edvel texto ou imagem em um site que \u00e9 usado para monitorar o tr\u00e1fego em um site. Para fazer isso, v\u00e1rios dados sobre voc\u00ea s\u00e3o armazenados usando web beacons.<\/p><p><br><\/p>\n<p><\/p>\n<p><!-- \/wp:paragraph --><!-- wp:heading --><\/p>\n<h2>5. Cookies<\/h2>\n<h5><strong>5.1 Cookies t\u00e9cnicos ou funcionais<\/strong><\/h5>\n<p><!-- \/wp:heading --><!-- wp:paragraph --><\/p>\n<p>Alguns cookies garantem que certas partes do site funcionem corretamente e que suas prefer\u00eancias de usu\u00e1rio permane\u00e7am conhecidas. Ao inserir cookies funcionais, facilitamos a visita ao nosso site. Dessa forma, voc\u00ea n\u00e3o precisa inserir repetidamente as mesmas informa\u00e7\u00f5es ao visitar nosso site e, por exemplo, os itens permanecem em seu carrinho de compras at\u00e9 que voc\u00ea tenha conclu\u00eddo a compra. Podemos inserir esses cookies sem o seu consentimento.<\/p>\n<h5><strong>5.2 Cookies anal\u00edticos<\/strong><\/h5>\n<p>Usamos cookies anal\u00edticos para otimizar a experi\u00eancia do site para nossos usu\u00e1rios. Com estes cookies anal\u00edticos, obtemos informa\u00e7\u00f5es sobre o uso de nosso site. Pedimos sua permiss\u00e3o para inserir cookies anal\u00edticos.<\/p>\n<h5><strong>5.3 Cookies de publicidade<\/strong><\/h5>\n<p>Neste site usamos cookies de publicidade, o que nos permite personalizar os an\u00fancios para voc\u00ea, e n\u00f3s (e terceiros) obtemos informa\u00e7\u00f5es sobre os resultados da campanha. Isso acontece com base em um perfil que criamos com base no seu clique e na navega\u00e7\u00e3o dentro e fora de https:\/\/baralho.institutosagradaalma.com.br. Com esses cookies, voc\u00ea, como visitante do site, est\u00e1 vinculado a um ID \u00fanico, de modo que n\u00e3o v\u00ea o mesmo an\u00fancio mais de uma vez, por exemplo.<\/p>\n<h5><strong>5.4 Cookies de marketing\/rastreamento<\/strong><\/h5>\n<p>Cookies de marketing\/rastreamento s\u00e3o como qualquer outro tipo de cookie ou forma de armazenamento local, usados para criar perfis de usu\u00e1rios para exibir publicidade ou para rastrear o usu\u00e1rio neste site ou em v\u00e1rios sites para fins de marketing.<\/p>\n<p>Como esses cookies s\u00e3o marcados como cookies de rastreamento, pedimos sua permiss\u00e3o para inseri-los.<\/p>\n<h5><strong>5.5 M\u00eddia social<\/strong><\/h5>\n<p>Em nosso site, inclu\u00edmos conte\u00fado de Facebook, WhatsApp e Instagram para promover p\u00e1ginas da web (por exemplo, &#8220;curtir&#8221;, &#8220;pin&#8221;) ou compartilhar (por exemplo, &#8220;twittar&#8221;) em redes sociais como Facebook, WhatsApp e Instagram. Este conte\u00fado \u00e9 incorporado com c\u00f3digo derivado de Facebook, WhatsApp e Instagram e coloca cookies. Esse conte\u00fado pode armazenar e processar determinadas informa\u00e7\u00f5es para publicidade personalizada.<\/p>\n<p>Leia a declara\u00e7\u00e3o de privacidade dessas redes sociais (que podem mudar regularmente) para saber o que eles fazem com seus dados (pessoais) que eles processam usando esses cookies. Os dados recuperados s\u00e3o anonimizados tanto quanto poss\u00edvel. Facebook, WhatsApp e Instagram est\u00e3o localizados nos Estados Unidos.<\/p><p><br><\/p>\n<p><\/p>\n<p><!-- \/wp:paragraph --><!-- wp:heading --><\/p>\n<h2>6. Cookies inseridos<\/h2>\n<p><!-- \/wp:heading --><!-- wp:paragraph --><\/p>\n<p>Hotjar<br>Estat\u00edsticas<\/p>\n<p>Consent to service hotjar<br>Google Analytics<br>Estat\u00edsticas<\/p>\n<p>Consent to service google-analytics<br>Burst Statistics<br>Estat\u00edsticas (an\u00f4nimas)<\/p>\n<p>Consent to service burst-statistics<br>Google reCAPTCHA<br>Marketing\/Rastreamento<\/p>\n<p>Consent to service google-recaptcha<br>Google Maps<br>Marketing\/Rastreamento<\/p>\n<p>Consent to service google-maps<br>YouTube<br>Marketing\/Rastreamento, Funcional<\/p>\n<p>Consent to service youtube<br>Facebook<br>Marketing\/Rastreamento, Funcional<\/p>\n<p>Consent to service facebook<br>WhatsApp<br>Funcional<\/p>\n<p>Consent to service whatsapp<br>Diversos<br>Finalidade pendente de investiga\u00e7\u00e3o<\/p>\n<p>Consent to service diversos<\/p><p><br><\/p>\n<p><\/p>\n<p><!-- \/wp:paragraph --><!-- wp:heading --><\/p>\n<h2>7. Ativa\u00e7\u00e3o\/desativa\u00e7\u00e3o e exclus\u00e3o de cookies<\/h2>\n<p><!-- \/wp:heading --><!-- wp:paragraph --><\/p>\n<p>Voc\u00ea pode usar seu navegador de internet para excluir cookies automaticamente ou manualmente. Voc\u00ea tamb\u00e9m pode especificar que certos cookies podem n\u00e3o ser inseridos. Outra op\u00e7\u00e3o \u00e9 alterar as configura\u00e7\u00f5es do seu navegador para que voc\u00ea receba uma mensagem cada vez que um cookie \u00e9 inserido. Para obter mais informa\u00e7\u00f5es sobre essas op\u00e7\u00f5es, consulte as instru\u00e7\u00f5es na se\u00e7\u00e3o Ajuda do seu navegador.e seus dados s\u00e3o enviados<\/p>\n<p><!-- \/wp:heading --><!-- wp:paragraph --><\/p>\n<p>Tenha em aten\u00e7\u00e3o que o nosso website poder\u00e1 n\u00e3o funcionar corretamente se todos os cookies estiverem desativados. Se voc\u00ea excluir os cookies do seu navegador, eles ser\u00e3o colocados novamente ap\u00f3s o seu consentimento quando voc\u00ea visitar nosso site novamente.<\/p><p><br><\/p>\n<p><\/p>\n<h2>8. Seus direitos em rela\u00e7\u00e3o aos dados pessoais<\/h2>\n<p>Voc\u00ea tem os seguintes direitos em rela\u00e7\u00e3o aos seus dados pessoais:<\/p>\n<ul>\n<li>confirma\u00e7\u00e3o da exist\u00eancia de processamento;<\/li>\n<li>acesso aos dados;<\/li>\n<li>corre\u00e7\u00e3o de dados incompletos, imprecisos ou desatualizados;<\/li>\n<li>anonimiza\u00e7\u00e3o, bloqueio ou exclus\u00e3o de dados desnecess\u00e1rios, excessivos ou processados em desacordo com as disposi\u00e7\u00f5es da Lei Geral de Prote\u00e7\u00e3o de Dados Pessoais (LGPD);<\/li>\n<li>portabilidade dos dados para outro prestador de servi\u00e7os ou produtos, mediante pedido expresso, nos termos da regulamenta\u00e7\u00e3o da autoridade nacional, respeitando os segredos comerciais e industriais;<\/li>\n<li>elimina\u00e7\u00e3o dos dados pessoais tratados com o consentimento do titular, salvo nos casos previstos no art. 16 da Lei Geral de Prote\u00e7\u00e3o de Dados Pessoais (LGPD);<\/li>\n<li>informa\u00e7\u00f5es sobre entidades p\u00fablicas e privadas com as quais o controlador compartilhou dados;<\/li>\n<li>informa\u00e7\u00f5es sobre a possibilidade de n\u00e3o consentimento e sobre as consequ\u00eancias da nega\u00e7\u00e3o.<\/li>\n<\/ul>\n<p>Para exercer esses direitos, entre em contato conosco. Consulte os detalhes de contato no final desta Pol\u00edtica de Cookies. Se voc\u00ea tem uma reclama\u00e7\u00e3o sobre como lidamos com seus dados, gostar\u00edamos de ouvi-la, mas voc\u00ea tamb\u00e9m tem o direito de enviar uma reclama\u00e7\u00e3o \u00e0 Autoridade Nacional de Prote\u00e7\u00e3o de Dados (ANPD):<\/p>\n<p>Autoridade Nacional de Prote\u00e7\u00e3o de Dados<\/p>\n<p>Esplanada dos Minist\u00e9rios,<br>Bloco C,<br>2\u00ba andar,<br>CEP 70297-400 &#8211; Bras\u00edlia \u2013 DF.<\/p><p><br><\/p>\n<p><\/p>\n<h2>9. Detalhes de contato<\/h2>\n<p>Para perguntas e\/ou coment\u00e1rios sobre nossa Pol\u00edtica de Cookies e esta declara\u00e7\u00e3o, entre em contato conosco usando os seguintes detalhes de contato:<\/p>\n<p>Alume Marketing <br>Rua dos Pereiras, 171 \u2013 Sala 2 \u2013 Bairro: Aparecida \u2013 Uberl\u00e2ndia MG \u2013 CEP 38.400-612 <br>Brasil<br>Website:&nbsp;<span style=\"letter-spacing: 0.9px;\">alumemarketing.com.br\/conexaocriativa<\/span><br>E-mail: marcus@alumemarketing.com.br <br>N\u00famero de telefone: (34) 99682-9020<\/p>\n<p><!-- \/wp:paragraph --><\/p>\t\t\t\t\t\t<\/div>\n\t\t\t\t<\/div>\n\t\t\t\t<div class=\"elementor-element elementor-element-77945dde elementor-align-center elementor-widget elementor-widget-button\" data-id=\"77945dde\" data-element_type=\"widget\" data-widget_type=\"button.default\">\n\t\t\t\t<div class=\"elementor-widget-container\">\n\t\t\t\t\t<div class=\"elementor-button-wrapper\">\n\t\t\t<a class=\"elementor-button elementor-button-link elementor-size-sm\" href=\"https:\/\/alumemarketing.com.br\/conexaocriativa\/mentoria-conexao-criativa\/\">\n\t\t\t\t\t\t<span class=\"elementor-button-content-wrapper\">\n\t\t\t\t\t\t<span class=\"elementor-button-icon elementor-align-icon-left\">\n\t\t\t\t<svg aria-hidden=\"true\" class=\"e-font-icon-svg e-far-arrow-alt-circle-left\" viewBox=\"0 0 512 512\" xmlns=\"http:\/\/www.w3.org\/2000\/svg\"><path d=\"M8 256c0 137 111 248 248 248s248-111 248-248S393 8 256 8 8 119 8 256zm448 0c0 110.5-89.5 200-200 200S56 366.5 56 256 145.5 56 256 56s200 89.5 200 200zm-72-20v40c0 6.6-5.4 12-12 12H256v67c0 10.7-12.9 16-20.5 8.5l-99-99c-4.7-4.7-4.7-12.3 0-17l99-99c7.6-7.6 20.5-2.2 20.5 8.5v67h116c6.6 0 12 5.4 12 12z\"><\/path><\/svg>\t\t\t<\/span>\n\t\t\t\t\t\t\t\t\t<span class=\"elementor-button-text\">Voltar para a p\u00e1gina da mentoria<\/span>\n\t\t\t\t\t<\/span>\n\t\t\t\t\t<\/a>\n\t\t<\/div>\n\t\t\t\t<\/div>\n\t\t\t\t<\/div>\n\t\t\t\t\t<\/div>\n\t\t\t\t<\/div>\n\t\t\t\t<\/div>\n\t\t","protected":false},"excerpt":{"rendered":"<p>Esta Pol\u00edtica de Cookies foi atualizada pela \u00faltima vez em 31 de maio de 2023 e se aplica a cidad\u00e3os e residentes legais permanentes do Brasil. 1. Introdu\u00e7\u00e3o Nosso site, https:\/\/alumemarketing.com.br\/conexaocriativa\/ usa cookies e outras tecnologias relacionadas (por conveni\u00eancia todas as tecnologias s\u00e3o referidas como &#8220;cookies&#8221;). Os cookies tamb\u00e9m s\u00e3o inseridos por terceiros que contratamos. [&hellip;]<\/p>\n","protected":false},"author":2,"featured_media":0,"parent":0,"menu_order":0,"comment_status":"closed","ping_status":"closed","template":"elementor_canvas","meta":{"footnotes":""},"_links":{"self":[{"href":"https:\/\/alumemarketing.com.br\/conexaocriativa\/wp-json\/wp\/v2\/pages\/56"}],"collection":[{"href":"https:\/\/alumemarketing.com.br\/conexaocriativa\/wp-json\/wp\/v2\/pages"}],"about":[{"href":"https:\/\/alumemarketing.com.br\/conexaocriativa\/wp-json\/wp\/v2\/types\/page"}],"author":[{"embeddable":true,"href":"https:\/\/alumemarketing.com.br\/conexaocriativa\/wp-json\/wp\/v2\/users\/2"}],"replies":[{"embeddable":true,"href":"https:\/\/alumemarketing.com.br\/conexaocriativa\/wp-json\/wp\/v2\/comments?post=56"}],"version-history":[{"count":7,"href":"https:\/\/alumemarketing.com.br\/conexaocriativa\/wp-json\/wp\/v2\/pages\/56\/revisions"}],"predecessor-version":[{"id":70,"href":"https:\/\/alumemarketing.com.br\/conexaocriativa\/wp-json\/wp\/v2\/pages\/56\/revisions\/70"}],"wp:attachment":[{"href":"https:\/\/alumemarketing.com.br\/conexaocriativa\/wp-json\/wp\/v2\/media?parent=56"}],"curies":[{"name":"wp","href":"https:\/\/api.w.org\/{rel}","templated":true}]}}